{"id":99,"date":"2015-04-23T12:38:18","date_gmt":"2015-04-23T12:38:18","guid":{"rendered":"https:\/\/xml-io.proteusthemes.com\/cargopress\/?page_id=99"},"modified":"2015-04-23T12:38:18","modified_gmt":"2015-04-23T12:38:18","slug":"cargo","status":"publish","type":"page","link":"https:\/\/price-man.fr\/index.php\/services\/cargo\/","title":{"rendered":"Gros oeuvre"},"content":{"rendered":"<div id=\"pl-99\"  class=\"panel-layout\" ><div id=\"pg-99-0\"  class=\"panel-grid panel-no-style\" ><div id=\"pgc-99-0-0\"  class=\"panel-grid-cell\" ><div id=\"panel-99-0-0-0\" class=\"so-panel widget widget_black-studio-tinymce widget_black_studio_tinymce panel-first-child panel-last-child\" data-index=\"0\" ><div class=\"gros-oeuvre-bloc panel-widget-style panel-widget-style-for-99-0-0-0\" ><div class=\"textwidget\"><p>B\u00e2timent, Travaux Publics, VRD, R\u00e9novation et G\u00e9nie Civil.<\/p>\n<\/div><\/div><\/div><\/div><div id=\"pgc-99-0-1\"  class=\"panel-grid-cell\" ><div id=\"panel-99-0-1-0\" class=\"so-panel widget widget_black-studio-tinymce widget_black_studio_tinymce panel-first-child panel-last-child\" data-index=\"1\" ><div class=\"textwidget\"><p><a href=\"https:\/\/xml-io.proteusthemes.com\/cargopress\/wp-content\/uploads\/sites\/24\/2015\/04\/34.jpg\"><img class=\"alignnone size-full wp-image-64\" src=\"https:\/\/xml-io.proteusthemes.com\/cargopress\/wp-content\/uploads\/sites\/24\/2015\/04\/34.jpg\" alt=\"34\" width=\"848\" height=\"480\" \/><\/a><\/p>\n<p><a href=\"https:\/\/xml-io.proteusthemes.com\/cargopress\/wp-content\/uploads\/sites\/24\/2015\/04\/23.jpg\"><img class=\"alignnone size-full wp-image-53\" src=\"https:\/\/xml-io.proteusthemes.com\/cargopress\/wp-content\/uploads\/sites\/24\/2015\/04\/23.jpg\" alt=\"23\" width=\"848\" height=\"480\" \/><\/a><\/p>\n<\/div><\/div><\/div><\/div><\/div>","protected":false},"excerpt":{"rendered":"<p>B\u00e2timent, Travaux Publics, VRD, R\u00e9novation et G\u00e9nie Civil.<\/p>\n","protected":false},"author":1,"featured_media":1118,"parent":370,"menu_order":0,"comment_status":"closed","ping_status":"open","template":"","meta":[],"_links":{"self":[{"href":"https:\/\/price-man.fr\/index.php\/wp-json\/wp\/v2\/pages\/99"}],"collection":[{"href":"https:\/\/price-man.fr\/index.php\/wp-json\/wp\/v2\/pages"}],"about":[{"href":"https:\/\/price-man.fr\/index.php\/wp-json\/wp\/v2\/types\/page"}],"author":[{"embeddable":true,"href":"https:\/\/price-man.fr\/index.php\/wp-json\/wp\/v2\/users\/1"}],"replies":[{"embeddable":true,"href":"https:\/\/price-man.fr\/index.php\/wp-json\/wp\/v2\/comments?post=99"}],"version-history":[{"count":0,"href":"https:\/\/price-man.fr\/index.php\/wp-json\/wp\/v2\/pages\/99\/revisions"}],"up":[{"embeddable":true,"href":"https:\/\/price-man.fr\/index.php\/wp-json\/wp\/v2\/pages\/370"}],"wp:featuredmedia":[{"embeddable":true,"href":"https:\/\/price-man.fr\/index.php\/wp-json\/wp\/v2\/media\/1118"}],"wp:attachment":[{"href":"https:\/\/price-man.fr\/index.php\/wp-json\/wp\/v2\/media?parent=99"}],"curies":[{"name":"wp","href":"https:\/\/api.w.org\/{rel}","templated":true}]}}