{"id":376,"date":"2015-05-04T07:30:41","date_gmt":"2015-05-04T07:30:41","guid":{"rendered":"https:\/\/xml-io.proteusthemes.com\/cargopress\/?page_id=120"},"modified":"2021-08-05T12:26:17","modified_gmt":"2021-08-05T10:26:17","slug":"contact-us","status":"publish","type":"page","link":"https:\/\/price-man.fr\/index.php\/contact-us\/","title":{"rendered":"D\u00e9poser un CV"},"content":{"rendered":"<div id=\"pl-376\"  class=\"panel-layout\" ><div id=\"pg-376-0\"  class=\"panel-grid panel-no-style\" ><div id=\"pgc-376-0-0\"  class=\"panel-grid-cell\" ><div id=\"panel-376-0-0-0\" class=\"so-panel widget widget_black-studio-tinymce widget_black_studio_tinymce panel-first-child\" data-index=\"0\" ><div class=\"contact-price-info featured-widget panel-widget-style panel-widget-style-for-376-0-0-0\" ><h3 class=\"widget-title\"><span class=\"widget-title__inline\">Contact<\/span><\/h3><div class=\"textwidget\"><p><strong>95 boulevard de magenta<\/strong><br \/>\n75010 Paris<\/p>\n<p>T\u00e9l\u00e9phone :<br \/>\n<a href=\"tel:0187536150\">01-87-53-61-50<\/a><\/p>\n<p>Mail :<br \/>\n<a href=\"mailto:contact@price-man.fr\">contact@price-man.fr<\/a><\/p>\n<\/div><\/div><\/div><div id=\"panel-376-0-0-1\" class=\"so-panel widget widget_pw_opening_time opening-time panel-last-child\" data-index=\"1\" ><div class=\"horaire-bloc featured-widget panel-widget-style panel-widget-style-for-376-0-0-1\" >\n\n\t<div class=\"time-table\">\n\n\t\t\t<h3><span class=\"icon icons-ornament-left\"><\/span>Horaires d&#8217;ouverture<span class=\"icon icons-ornament-right\"><\/span><\/h3>\n\n\t\t<div class=\"inner-bg\">\n\t\t\t\t<dl class=\"week-day \">\n\t\t\t\t\t<dt>Monday<\/dt>\n\t\t\t\t\t<dd>8:30 - 16:00<\/dd>\n\t\t\t\t<\/dl>\n\t\t\t\t<dl class=\"week-day  light-bg\">\n\t\t\t\t\t<dt>Tuesday<\/dt>\n\t\t\t\t\t<dd>8:30 - 16:00<\/dd>\n\t\t\t\t<\/dl>\n\t\t\t\t<dl class=\"week-day \">\n\t\t\t\t\t<dt>Wednesday<\/dt>\n\t\t\t\t\t<dd>8:30 - 16:00<\/dd>\n\t\t\t\t<\/dl>\n\t\t\t\t<dl class=\"week-day  light-bg\">\n\t\t\t\t\t<dt>Thursday<\/dt>\n\t\t\t\t\t<dd>8:30 - 16:00<\/dd>\n\t\t\t\t<\/dl>\n\t\t\t\t<dl class=\"week-day \">\n\t\t\t\t\t<dt>Friday<\/dt>\n\t\t\t\t\t<dd>8:30 - 16:00<\/dd>\n\t\t\t\t<\/dl>\n\t\t\t\t<dl class=\"week-day  light-bg closed\">\n\t\t\t\t\t<dt>Saturday<\/dt>\n\t\t\t\t\t<dd>Ferm\u00e9<\/dd>\n\t\t\t\t<\/dl>\n\t\t\t\t<dl class=\"week-day  closed today\">\n\t\t\t\t\t<dt>Sunday<\/dt>\n\t\t\t\t\t<dd>Ferm\u00e9<\/dd>\n\t\t\t\t<\/dl>\n\t\t<\/div>\n\n\n\t<\/div>\n\n<\/div><\/div><\/div><div id=\"pgc-376-0-1\"  class=\"panel-grid-cell\" ><div id=\"panel-376-0-1-0\" class=\"so-panel widget widget_black-studio-tinymce widget_black_studio_tinymce panel-first-child panel-last-child\" data-index=\"2\" ><div class=\"contact-price-us panel-widget-style panel-widget-style-for-376-0-1-0\" ><h3 class=\"widget-title\"><span class=\"widget-title__inline\">Nous envoyer un mail<\/span><\/h3><div class=\"textwidget\"><p>Publiez votre CV pour \u00eatre contact\u00e9 par les consultants de PRICE MAN.<\/p>\n<p><div role=\"form\" class=\"wpcf7\" id=\"wpcf7-f1270-o1\" lang=\"fr-FR\" dir=\"ltr\">\n<div class=\"screen-reader-response\"><p role=\"status\" aria-live=\"polite\" aria-atomic=\"true\"><\/p> <ul><\/ul><\/div>\n<form action=\"\/index.php\/wp-json\/wp\/v2\/pages\/376#wpcf7-f1270-o1\" method=\"post\" class=\"wpcf7-form init\" enctype=\"multipart\/form-data\" novalidate=\"novalidate\" data-status=\"init\">\n<div style=\"display: none;\">\n<input type=\"hidden\" name=\"_wpcf7\" value=\"1270\" \/>\n<input type=\"hidden\" name=\"_wpcf7_version\" value=\"5.4.2\" \/>\n<input type=\"hidden\" name=\"_wpcf7_locale\" value=\"fr_FR\" \/>\n<input type=\"hidden\" name=\"_wpcf7_unit_tag\" value=\"wpcf7-f1270-o1\" \/>\n<input type=\"hidden\" name=\"_wpcf7_container_post\" value=\"0\" \/>\n<input type=\"hidden\" name=\"_wpcf7_posted_data_hash\" value=\"\" \/>\n<input type=\"hidden\" name=\"_wpcf7_recaptcha_response\" value=\"\" \/>\n<\/div>\n<div class=\"row\">\n<div class=\"col-xs-12  col-md-4\">\n    <span class=\"wpcf7-form-control-wrap nom-prenom\"><input type=\"text\" name=\"nom-prenom\" value=\"\" size=\"40\" class=\"wpcf7-form-control wpcf7-text wpcf7-validates-as-required\" aria-required=\"true\" aria-invalid=\"false\" placeholder=\"Nom &amp; Pr\u00e9nom\" \/><\/span>\n  <\/div>\n<div class=\"col-xs-12  col-md-4\">\n    <span class=\"wpcf7-form-control-wrap your-email\"><input type=\"email\" name=\"your-email\" value=\"\" size=\"40\" class=\"wpcf7-form-control wpcf7-text wpcf7-email wpcf7-validates-as-required wpcf7-validates-as-email\" aria-required=\"true\" aria-invalid=\"false\" placeholder=\"Adresse Mail\" \/><\/span>\n  <\/div>\n<\/div>\n<div class=\"row\">\n<div class=\"col-xs-12  col-md-4\">\n    <span class=\"wpcf7-form-control-wrap your-phone\"><input type=\"tel\" name=\"your-phone\" value=\"\" size=\"40\" class=\"wpcf7-form-control wpcf7-text wpcf7-tel wpcf7-validates-as-required wpcf7-validates-as-tel\" aria-required=\"true\" aria-invalid=\"false\" placeholder=\"T\u00e9l\u00e9phone\" \/><\/span>\n  <\/div>\n<div class=\"col-xs-12  col-md-4\">\n    <span class=\"wpcf7-form-control-wrap SECTEURDACTIVIT\"><select name=\"SECTEURDACTIVIT\" class=\"wpcf7-form-control wpcf7-select wpcf7-validates-as-required\" aria-required=\"true\" aria-invalid=\"false\"><option value=\"Secteur d&#039;activit\u00e9\">Secteur d&#039;activit\u00e9<\/option><option value=\"BTP\">BTP<\/option><option value=\"Industrie\">Industrie<\/option><option value=\"Tertiaire\">Tertiaire<\/option><\/select><\/span>\n  <\/div>\n<\/div>\n<div class=\"row\">\n<div class=\"col-xs-12  col-md-8\">\n    <span class=\"wpcf7-form-control-wrap QUALIF\"><select name=\"QUALIF\" class=\"wpcf7-form-control wpcf7-select wpcf7-validates-as-required\" id=\"home_select\" aria-required=\"true\" aria-invalid=\"false\"><option value=\"Qualification\">Qualification<\/option><option value=\"optgroup-BTP\">optgroup-BTP<\/option><option value=\"Aide Conducteur\">Aide Conducteur<\/option><option value=\"Aide ma\u00e7on\">Aide ma\u00e7on<\/option><option value=\"Assistant charg\u00e9 d&#039;affaire\">Assistant charg\u00e9 d&#039;affaire<\/option><option value=\"Bureau d&#039;\u00e9tude\">Bureau d&#039;\u00e9tude<\/option><option value=\"Chauffeur PL bras de grue\">Chauffeur PL bras de grue<\/option><option value=\"Chauffeur poids lourds\">Chauffeur poids lourds<\/option><option value=\"Chef d&#039;\u00e9quipe\">Chef d&#039;\u00e9quipe<\/option><option value=\"Chef de chantier\">Chef de chantier<\/option><option value=\"Chef d&#039;\u00e9quipe\">Chef d&#039;\u00e9quipe<\/option><option value=\"Coffreur\">Coffreur<\/option><option value=\"Conducteur d&#039;engins\">Conducteur d&#039;engins<\/option><option value=\"Conducteur de travaux\">Conducteur de travaux<\/option><option value=\"Conducteur Grue Mobile\">Conducteur Grue Mobile<\/option><option value=\"Conducteur Nacelle\">Conducteur Nacelle<\/option><option value=\"Conducteur Robofore\">Conducteur Robofore<\/option><option value=\"Conducteurs de trains \u00e0 pneus\">Conducteurs de trains \u00e0 pneus<\/option><option value=\"Coordinateur\">Coordinateur<\/option><option value=\"Coordinateur G.S.M\">Coordinateur G.S.M<\/option><option value=\"COORDINATEUR S.P.S\">COORDINATEUR S.P.S<\/option><option value=\"Dessinateur\">Dessinateur<\/option><option value=\"Economiste de la construction\">Economiste de la construction<\/option><option value=\"Electricien\">Electricien<\/option><option value=\"Electricien (tireur de c\u00e2bles)\">Electricien (tireur de c\u00e2bles)<\/option><option value=\"Electrom\u00e9canicien\">Electrom\u00e9canicien<\/option><option value=\"Electrotechnicien\">Electrotechnicien<\/option><option value=\"Ferrailleur\">Ferrailleur<\/option><option value=\"G\u00e9om\u00e8tre\">G\u00e9om\u00e8tre<\/option><option value=\"Grutier\">Grutier<\/option><option value=\"Ing\u00e9nieur\">Ing\u00e9nieur<\/option><option value=\"Ing\u00e9nieur climatisation\">Ing\u00e9nieur climatisation<\/option><option value=\"Ing\u00e9nieur \u00e9tude\">Ing\u00e9nieur \u00e9tude<\/option><option value=\"Ma\u00e7on\">Ma\u00e7on<\/option><option value=\"Man\u0153uvre\">Man\u0153uvre<\/option><option value=\"M\u00e9canicien TP\">M\u00e9canicien TP<\/option><option value=\"METREUR\">METREUR<\/option><option value=\"Mineur\">Mineur<\/option><option value=\"Monteur charpente\">Monteur charpente<\/option><option value=\"Op\u00e9rateurs centrale b\u00e9ton\">Op\u00e9rateurs centrale b\u00e9ton<\/option><option value=\"Op\u00e9rateurs centrale boue\">Op\u00e9rateurs centrale boue<\/option><option value=\"Op\u00e9rateurs pont roulant\">Op\u00e9rateurs pont roulant<\/option><option value=\"Pompiste\">Pompiste<\/option><option value=\"Poseur de voies\">Poseur de voies<\/option><option value=\"Projeteur\">Projeteur<\/option><option value=\"Projeteur coffrage\">Projeteur coffrage<\/option><option value=\"Soudeur\">Soudeur<\/option><option value=\"Technicien de maintenance\">Technicien de maintenance<\/option><option value=\"Technicien M\u00e9thode\">Technicien M\u00e9thode<\/option><option value=\"Traceur\">Traceur<\/option><option value=\"endoptgroup\">endoptgroup<\/option><option value=\"optgroup-BUREAU D&#039;ETUDE\">optgroup-BUREAU D&#039;ETUDE<\/option><option value=\"Architecte\">Architecte<\/option><option value=\"Assistant charg\u00e9 d&#039;affaires\">Assistant charg\u00e9 d&#039;affaires<\/option><option value=\"Assistant(e) technicien(nne) m\u00e9thodes et BE\">Assistant(e) technicien(nne) m\u00e9thodes et BE<\/option><option value=\"Cartographe\">Cartographe<\/option><option value=\"Chef de projet\">Chef de projet<\/option><option value=\"Coordinateur synht\u00e8ses\">Coordinateur synht\u00e8ses<\/option><option value=\"dessinateur CAO\">dessinateur CAO<\/option><option value=\"Dessinateur Instrumentation\">Dessinateur Instrumentation<\/option><option value=\"dessinateur tuyauterie\">dessinateur tuyauterie<\/option><option value=\"Economiste de la construction\">Economiste de la construction<\/option><option value=\"ET 2 ELECTRICITE\">ET 2 ELECTRICITE<\/option><option value=\"ET1 ELECTRICITE\">ET1 ELECTRICITE<\/option><option value=\"ET1\/ET2 MECANIQUE\">ET1\/ET2 MECANIQUE<\/option><option value=\"G\u00e9om\u00e8tre topographe\">G\u00e9om\u00e8tre topographe<\/option><option value=\"Ing\u00e9nieur\">Ing\u00e9nieur<\/option><option value=\"M\u00e9treur\">M\u00e9treur<\/option><option value=\"Op\u00e9rateur topographe\">Op\u00e9rateur topographe<\/option><option value=\"Projeteur Beton arm\u00e9\">Projeteur Beton arm\u00e9<\/option><option value=\"Projeteur Charpente m\u00e9tallique\">Projeteur Charpente m\u00e9tallique<\/option><option value=\"Projeteur Electricit\u00e9\">Projeteur Electricit\u00e9<\/option><option value=\"Projeteur G\u00e9nie civil\">Projeteur G\u00e9nie civil<\/option><option value=\"Projeteur M\u00e9canique g\u00e9n\u00e9rale\">Projeteur M\u00e9canique g\u00e9n\u00e9rale<\/option><option value=\"Projeteur Structure m\u00e9tallique\">Projeteur Structure m\u00e9tallique<\/option><option value=\"Projeteur Tuyauterie\">Projeteur Tuyauterie<\/option><option value=\"Responsable m\u00e9thodes\">Responsable m\u00e9thodes<\/option><option value=\"Technicien\">Technicien<\/option><option value=\"TECHNICIEN METHODE\">TECHNICIEN METHODE<\/option><option value=\"Topographe\">Topographe<\/option><option value=\"endoptgroup\">endoptgroup<\/option><option value=\"optgroup-COMMUNICATION\">optgroup-COMMUNICATION<\/option><option value=\"Assistante DA\">Assistante DA<\/option><option value=\"Attach\u00e9e de presse\">Attach\u00e9e de presse<\/option><option value=\"Chef de fabrication\">Chef de fabrication<\/option><option value=\"Chef de projet\">Chef de projet<\/option><option value=\"Chef de projet Internet\">Chef de projet Internet<\/option><option value=\"Chef de studio\">Chef de studio<\/option><option value=\"Concepteur de charte graphique\">Concepteur de charte graphique<\/option><option value=\"Concepteur de charte graphique\">Concepteur de charte graphique<\/option><option value=\"Concepteur\/R\u00e9dacteur\">Concepteur\/R\u00e9dacteur<\/option><option value=\"Consultant en communication interactive\">Consultant en communication interactive<\/option><option value=\"Consultant Junior\/Senior\">Consultant Junior\/Senior<\/option><option value=\"Consultant(e) Senior \u00e9dition\">Consultant(e) Senior \u00e9dition<\/option><option value=\"D\u00e9veloppeur multim\u00e9dia\">D\u00e9veloppeur multim\u00e9dia<\/option><option value=\"Directeur Artistique\">Directeur Artistique<\/option><option value=\"Ex\u00e9cutant\">Ex\u00e9cutant<\/option><option value=\"Graphiste Identit\u00e9 Visuelle\">Graphiste Identit\u00e9 Visuelle<\/option><option value=\"Graphiste Packaging\">Graphiste Packaging<\/option><option value=\"Graphiste print\">Graphiste print<\/option><option value=\"Illustrateur\">Illustrateur<\/option><option value=\"Infographiste animation 3D (Softimage)\">Infographiste animation 3D (Softimage)<\/option><option value=\"Infographiste Power Point\">Infographiste Power Point<\/option><option value=\"Int\u00e9grateur HTML\">Int\u00e9grateur HTML<\/option><option value=\"Journaliste Mediatraining\">Journaliste Mediatraining<\/option><option value=\"Maquettiste\">Maquettiste<\/option><option value=\"Photograveur\">Photograveur<\/option><option value=\"Productrice\">Productrice<\/option><option value=\"Responsable Traffic\">Responsable Traffic<\/option><option value=\"endoptgroup\">endoptgroup<\/option><option value=\"optgroup-EVENEMENTIEL\">optgroup-EVENEMENTIEL<\/option><option value=\"Agents de Surveillance\/Agents de S\u00e9curit\u00e9\">Agents de Surveillance\/Agents de S\u00e9curit\u00e9<\/option><option value=\"Assistant de production\">Assistant de production<\/option><option value=\"Concepteur\/R\u00e9alisateur habillage vid\u00e9o\">Concepteur\/R\u00e9alisateur habillage vid\u00e9o<\/option><option value=\"Conducteur de travaux\">Conducteur de travaux<\/option><option value=\"D\u00e9corateur\">D\u00e9corateur<\/option><option value=\"D\u00e9monstrateur automobile\">D\u00e9monstrateur automobile<\/option><option value=\"Directeur de production\">Directeur de production<\/option><option value=\"Directeur logistique\">Directeur logistique<\/option><option value=\"Graphiste\">Graphiste<\/option><option value=\"H\u00f4tesse \u00e9v\u00e9nementielle\">H\u00f4tesse \u00e9v\u00e9nementielle<\/option><option value=\"Illustrateur\">Illustrateur<\/option><option value=\"Infographiste power point\">Infographiste power point<\/option><option value=\"Monteur de stand\">Monteur de stand<\/option><option value=\"Photographe\">Photographe<\/option><option value=\"R\u00e9gisseur\">R\u00e9gisseur<\/option><option value=\"Sc\u00e9nographe\">Sc\u00e9nographe<\/option><option value=\"endoptgroup\">endoptgroup<\/option><option value=\"optgroup-INDUSTRIE\">optgroup-INDUSTRIE<\/option><option value=\"Automaticien\">Automaticien<\/option><option value=\"C\u00e2bleur\">C\u00e2bleur<\/option><option value=\"Electricien\">Electricien<\/option><option value=\"Electrom\u00e9canicien\">Electrom\u00e9canicien<\/option><option value=\"Fraiseur\">Fraiseur<\/option><option value=\"Ing\u00e9nieur\">Ing\u00e9nieur<\/option><option value=\"magasinier cariste\">magasinier cariste<\/option><option value=\"Technicien de maintenance\">Technicien de maintenance<\/option><option value=\"endoptgroup\">endoptgroup<\/option><option value=\"optgroup-TERTIAIRE\">optgroup-TERTIAIRE<\/option><option value=\"Agent d&#039;Exploitation Parking\">Agent d&#039;Exploitation Parking<\/option><option value=\"Assistante\">Assistante<\/option><option value=\"Assistante commerciale\">Assistante commerciale<\/option><option value=\"Assistante de direction\">Assistante de direction<\/option><option value=\"Assistante New Biz\">Assistante New Biz<\/option><option value=\"Commercial Informatique\">Commercial Informatique<\/option><option value=\"Commercial(e)\">Commercial(e)<\/option><option value=\"Comptable\">Comptable<\/option><option value=\"Employ\u00e9e de bureau\">Employ\u00e9e de bureau<\/option><option value=\"Enqu\u00eateur\/Enqu\u00eatrice\">Enqu\u00eateur\/Enqu\u00eatrice<\/option><option value=\"Gestionnaire\">Gestionnaire<\/option><option value=\"Hot Liner\">Hot Liner<\/option><option value=\"H\u00f4tesse d&#039;accueil\">H\u00f4tesse d&#039;accueil<\/option><option value=\"Manutentionnaire\">Manutentionnaire<\/option><option value=\"Op\u00e9rateur(trice) de saisie\">Op\u00e9rateur(trice) de saisie<\/option><option value=\"Secr\u00e9taire\">Secr\u00e9taire<\/option><option value=\"Secr\u00e9taire bilingue,...\">Secr\u00e9taire bilingue,...<\/option><option value=\"Secr\u00e9taire comptable\">Secr\u00e9taire comptable<\/option><option value=\"Secr\u00e9taire de gestion\">Secr\u00e9taire de gestion<\/option><option value=\"Secr\u00e9taire de r\u00e9daction\">Secr\u00e9taire de r\u00e9daction<\/option><option value=\"Secr\u00e9taire d&#039;agence\">Secr\u00e9taire d&#039;agence<\/option><option value=\"Secr\u00e9taire juridique bilingue\">Secr\u00e9taire juridique bilingue<\/option><option value=\"Secr\u00e9taire logistique\">Secr\u00e9taire logistique<\/option><option value=\"Secr\u00e9taire polyvalente\">Secr\u00e9taire polyvalente<\/option><option value=\"Standardiste\">Standardiste<\/option><option value=\"Technicien r\u00e9seau informatique\">Technicien r\u00e9seau informatique<\/option><option value=\"T\u00e9l\u00e9prospecteur\">T\u00e9l\u00e9prospecteur<\/option><option value=\"endoptgroup\">endoptgroup<\/option><option value=\"optgroup-AUTRES\">optgroup-AUTRES<\/option><option value=\"Autres qualifications\">Autres qualifications<\/option><option value=\"Autres qualifications\">Autres qualifications<\/option><option value=\"endoptgroup\">endoptgroup<\/option><\/select><\/span>\n  <\/div>\n<\/div>\n<div class=\"row\">\n<div class=\"col-xs-12  col-md-6\">\n    <label for=\"file\" class=\"contact-file\">Ajouter votre CV<\/label>\n  <\/div>\n<div class=\"col-xs-12  col-md-2\">\n     <span class=\"wpcf7-form-control-wrap file-189\"><input type=\"file\" name=\"file-189\" size=\"40\" class=\"wpcf7-form-control wpcf7-file wpcf7-validates-as-required piece-jointe\" accept=\".pdf\" aria-required=\"true\" aria-invalid=\"false\" \/><\/span>\n  <\/div>\n<div class=\"col-xs-12\">\n    <span class=\"wpcf7-form-control-wrap your-message\"><textarea name=\"your-message\" cols=\"40\" rows=\"10\" class=\"wpcf7-form-control wpcf7-textarea\" aria-invalid=\"false\" placeholder=\"Message\"><\/textarea><\/span><br \/>\n    <input type=\"submit\" value=\"ENVOYER\" class=\"wpcf7-form-control wpcf7-submit btn-cntct btn btn-primary\" \/><\/p>\n\n<\/div>\n<\/div>\n<div class=\"wpcf7-response-output\" aria-hidden=\"true\"><\/div><\/form><\/div><\/p>\n<\/div><\/div><\/div><\/div><\/div><\/div>","protected":false},"excerpt":{"rendered":"<p>95 boulevard de magenta 75010 Paris T\u00e9l\u00e9phone : 01-87-53-61-50 Mail : contact@price-man.fr Publiez votre CV pour \u00eatre contact\u00e9 par les consultants de PRICE MAN.<\/p>\n","protected":false},"author":1,"featured_media":0,"parent":0,"menu_order":0,"comment_status":"closed","ping_status":"closed","template":"","meta":[],"_links":{"self":[{"href":"https:\/\/price-man.fr\/index.php\/wp-json\/wp\/v2\/pages\/376"}],"collection":[{"href":"https:\/\/price-man.fr\/index.php\/wp-json\/wp\/v2\/pages"}],"about":[{"href":"https:\/\/price-man.fr\/index.php\/wp-json\/wp\/v2\/types\/page"}],"author":[{"embeddable":true,"href":"https:\/\/price-man.fr\/index.php\/wp-json\/wp\/v2\/users\/1"}],"replies":[{"embeddable":true,"href":"https:\/\/price-man.fr\/index.php\/wp-json\/wp\/v2\/comments?post=376"}],"version-history":[{"count":10,"href":"https:\/\/price-man.fr\/index.php\/wp-json\/wp\/v2\/pages\/376\/revisions"}],"predecessor-version":[{"id":1322,"href":"https:\/\/price-man.fr\/index.php\/wp-json\/wp\/v2\/pages\/376\/revisions\/1322"}],"wp:attachment":[{"href":"https:\/\/price-man.fr\/index.php\/wp-json\/wp\/v2\/media?parent=376"}],"curies":[{"name":"wp","href":"https:\/\/api.w.org\/{rel}","templated":true}]}}