{"id":370,"date":"2015-04-23T11:04:51","date_gmt":"2015-04-23T11:04:51","guid":{"rendered":"https:\/\/xml-io.proteusthemes.com\/cargopress\/?page_id=76"},"modified":"2015-04-23T11:04:51","modified_gmt":"2015-04-23T11:04:51","slug":"services","status":"publish","type":"page","link":"https:\/\/price-man.fr\/index.php\/services\/","title":{"rendered":"Services"},"content":{"rendered":"<div id=\"pl-370\"  class=\"panel-layout\" ><div id=\"pg-370-0\"  class=\"panel-grid panel-no-style\" ><div id=\"pgc-370-0-0\"  class=\"panel-grid-cell\" ><div id=\"panel-370-0-0-0\" class=\"so-panel widget widget_pw_featured_page widget-featured-page panel-first-child panel-last-child\" data-index=\"0\" >\n\n\t<div class=\"page-box  page-box--block\">\n\t\t\t<a class=\"page-box__picture\" href=\"https:\/\/price-man.fr\/index.php\/services\/ground-transport\/\"><img src=\"https:\/\/price-man.fr\/wp-content\/uploads\/2015\/04\/17.jpg\" width=\"360\" height=\"204\" srcset=\"https:\/\/price-man.fr\/wp-content\/uploads\/2015\/04\/17.jpg 360w, https:\/\/price-man.fr\/wp-content\/uploads\/2015\/04\/17.jpg 848w\" sizes=\"(min-width: 992px) 360px, calc(100vw - 30px)\" class=\"wp-post-image\" alt=\"Ground Transport\"><\/a>\n\t\t<div class=\"page-box__content\">\n\t\t\t<h5 class=\"page-box__title  text-uppercase\"><a href=\"https:\/\/price-man.fr\/index.php\/services\/ground-transport\/\">Ground Transport<\/a><\/h5>\n\t\t\t<p>Ground transport and freight forwarding services, along with other ancillary services, helps us to provide tailor made logistic solutions to our clients, which we design as per their requirements and business ecosystem to help cut their cost, &hellip;<\/p>\n\t\t\t\t<p><a href=\"https:\/\/price-man.fr\/index.php\/services\/ground-transport\/\" class=\"read-more  read-more--page-box\">Read more<\/a><\/p>\n\t\t<\/div>\n\t<\/div>\n\n<\/div><\/div><div id=\"pgc-370-0-1\"  class=\"panel-grid-cell\" ><div id=\"panel-370-0-1-0\" class=\"so-panel widget widget_pw_featured_page widget-featured-page panel-first-child panel-last-child\" data-index=\"1\" >\n\n\t<div class=\"page-box  page-box--block\">\n\t\t\t<a class=\"page-box__picture\" href=\"https:\/\/price-man.fr\/index.php\/services\/logistic-service\/\"><img src=\"https:\/\/price-man.fr\/wp-content\/uploads\/2021\/03\/price-inter-slide-4.jpg\" width=\"330\" height=\"220\" srcset=\"https:\/\/price-man.fr\/wp-content\/uploads\/2021\/03\/price-inter-slide-4.jpg 330w, https:\/\/price-man.fr\/wp-content\/uploads\/2021\/03\/price-inter-slide-4.jpg 330w\" sizes=\"(min-width: 992px) 360px, calc(100vw - 30px)\" class=\"wp-post-image\" alt=\"Second oeuvre\"><\/a>\n\t\t<div class=\"page-box__content\">\n\t\t\t<h5 class=\"page-box__title  text-uppercase\"><a href=\"https:\/\/price-man.fr\/index.php\/services\/logistic-service\/\">Second oeuvre<\/a><\/h5>\n\t\t\t<p>Plomberie, Chauffage, Couverture, Menuiserie, Charpente, Serrurerie, Peinture, Soudure.<\/p>\n\t\t\t\t<p><a href=\"https:\/\/price-man.fr\/index.php\/services\/logistic-service\/\" class=\"read-more  read-more--page-box\">Read more<\/a><\/p>\n\t\t<\/div>\n\t<\/div>\n\n<\/div><\/div><div id=\"pgc-370-0-2\"  class=\"panel-grid-cell\" ><div id=\"panel-370-0-2-0\" class=\"so-panel widget widget_pw_featured_page widget-featured-page panel-first-child panel-last-child\" data-index=\"2\" >\n\n\t<div class=\"page-box  page-box--block\">\n\t\t\t<a class=\"page-box__picture\" href=\"https:\/\/price-man.fr\/index.php\/services\/trucking-service\/\"><img src=\"https:\/\/price-man.fr\/wp-content\/uploads\/2015\/04\/42.jpg\" width=\"360\" height=\"204\" srcset=\"https:\/\/price-man.fr\/wp-content\/uploads\/2015\/04\/42.jpg 360w, https:\/\/price-man.fr\/wp-content\/uploads\/2015\/04\/42.jpg 848w\" sizes=\"(min-width: 992px) 360px, calc(100vw - 30px)\" class=\"wp-post-image\" alt=\"Trucking Service\"><\/a>\n\t\t<div class=\"page-box__content\">\n\t\t\t<h5 class=\"page-box__title  text-uppercase\"><a href=\"https:\/\/price-man.fr\/index.php\/services\/trucking-service\/\">Trucking Service<\/a><\/h5>\n\t\t\t<p>Our trucking service is based on the principle of providing our clients with the flexibility and reliability, to move legal load across town, or across the country, whenever they want.\u00a0Our in-house team of experienced drivers We believe in &hellip;<\/p>\n\t\t\t\t<p><a href=\"https:\/\/price-man.fr\/index.php\/services\/trucking-service\/\" class=\"read-more  read-more--page-box\">Read more<\/a><\/p>\n\t\t<\/div>\n\t<\/div>\n\n<\/div><\/div><\/div><div id=\"pg-370-1\"  class=\"panel-grid panel-no-style\" ><div id=\"pgc-370-1-0\"  class=\"panel-grid-cell\" ><div id=\"panel-370-1-0-0\" class=\"so-panel widget widget_pw_featured_page widget-featured-page panel-first-child panel-last-child\" data-index=\"3\" >\n\n\t<div class=\"page-box  page-box--block\">\n\t\t\t<a class=\"page-box__picture\" href=\"https:\/\/price-man.fr\/index.php\/services\/warehousing\/\"><img src=\"https:\/\/price-man.fr\/wp-content\/uploads\/2015\/04\/31.jpg\" width=\"360\" height=\"204\" srcset=\"https:\/\/price-man.fr\/wp-content\/uploads\/2015\/04\/31.jpg 360w, https:\/\/price-man.fr\/wp-content\/uploads\/2015\/04\/31.jpg 848w\" sizes=\"(min-width: 992px) 360px, calc(100vw - 30px)\" class=\"wp-post-image\" alt=\"Warehousing\"><\/a>\n\t\t<div class=\"page-box__content\">\n\t\t\t<h5 class=\"page-box__title  text-uppercase\"><a href=\"https:\/\/price-man.fr\/index.php\/services\/warehousing\/\">Warehousing<\/a><\/h5>\n\t\t\t<p>Our warehousing and distribution services are regularly audited and analyzed to ensure that it meets the contemporary business models, and any and all upgrades are made to ensure our services continue to help our clients meet their logistic &hellip;<\/p>\n\t\t\t\t<p><a href=\"https:\/\/price-man.fr\/index.php\/services\/warehousing\/\" class=\"read-more  read-more--page-box\">Read more<\/a><\/p>\n\t\t<\/div>\n\t<\/div>\n\n<\/div><\/div><div id=\"pgc-370-1-1\"  class=\"panel-grid-cell\" ><div id=\"panel-370-1-1-0\" class=\"so-panel widget widget_pw_featured_page widget-featured-page panel-first-child panel-last-child\" data-index=\"4\" >\n\n\t<div class=\"page-box  page-box--block\">\n\t\t\t<a class=\"page-box__picture\" href=\"https:\/\/price-man.fr\/index.php\/services\/cargo\/\"><img src=\"https:\/\/price-man.fr\/wp-content\/uploads\/2021\/03\/price-inter-slide-5.jpg\" width=\"330\" height=\"220\" srcset=\"https:\/\/price-man.fr\/wp-content\/uploads\/2021\/03\/price-inter-slide-5.jpg 330w, https:\/\/price-man.fr\/wp-content\/uploads\/2021\/03\/price-inter-slide-5.jpg 330w\" sizes=\"(min-width: 992px) 360px, calc(100vw - 30px)\" class=\"wp-post-image\" alt=\"Gros oeuvre\"><\/a>\n\t\t<div class=\"page-box__content\">\n\t\t\t<h5 class=\"page-box__title  text-uppercase\"><a href=\"https:\/\/price-man.fr\/index.php\/services\/cargo\/\">Gros oeuvre<\/a><\/h5>\n\t\t\t<p>B\u00e2timent, Travaux Publics, VRD, R\u00e9novation et G\u00e9nie Civil.<\/p>\n\t\t\t\t<p><a href=\"https:\/\/price-man.fr\/index.php\/services\/cargo\/\" class=\"read-more  read-more--page-box\">Read more<\/a><\/p>\n\t\t<\/div>\n\t<\/div>\n\n<\/div><\/div><div id=\"pgc-370-1-2\"  class=\"panel-grid-cell\" ><div id=\"panel-370-1-2-0\" class=\"so-panel widget widget_pw_featured_page widget-featured-page panel-first-child panel-last-child\" data-index=\"5\" >\n\n\t<div class=\"page-box  page-box--block\">\n\t\t\t<a class=\"page-box__picture\" href=\"\"><img src=\"\" width=\"\" height=\"\" srcset=\" w,  w\" sizes=\"(min-width: 992px) 360px, calc(100vw - 30px)\" class=\"wp-post-image\" alt=\"\"><\/a>\n\t\t<div class=\"page-box__content\">\n\t\t\t<h5 class=\"page-box__title  text-uppercase\"><a href=\"\"><\/a><\/h5>\n\t\t\t<p><\/p>\n\t\t\t\t<p><a href=\"\" class=\"read-more  read-more--page-box\">Read more<\/a><\/p>\n\t\t<\/div>\n\t<\/div>\n\n<\/div><\/div><\/div><\/div>","protected":false},"excerpt":{"rendered":"<p>Ground Transport Ground transport and freight forwarding services, along with other ancillary services, helps us to provide tailor made logistic solutions to our clients, which we design as per their requirements and business ecosystem to help cut their cost, &hellip; Read more Second oeuvre Plomberie, Chauffage, Couverture, Menuiserie, Charpente, Serrurerie, Peinture, Soudure. Read more Trucking &hellip;<\/p>\n","protected":false},"author":1,"featured_media":0,"parent":0,"menu_order":0,"comment_status":"closed","ping_status":"open","template":"","meta":[],"_links":{"self":[{"href":"https:\/\/price-man.fr\/index.php\/wp-json\/wp\/v2\/pages\/370"}],"collection":[{"href":"https:\/\/price-man.fr\/index.php\/wp-json\/wp\/v2\/pages"}],"about":[{"href":"https:\/\/price-man.fr\/index.php\/wp-json\/wp\/v2\/types\/page"}],"author":[{"embeddable":true,"href":"https:\/\/price-man.fr\/index.php\/wp-json\/wp\/v2\/users\/1"}],"replies":[{"embeddable":true,"href":"https:\/\/price-man.fr\/index.php\/wp-json\/wp\/v2\/comments?post=370"}],"version-history":[{"count":0,"href":"https:\/\/price-man.fr\/index.php\/wp-json\/wp\/v2\/pages\/370\/revisions"}],"wp:attachment":[{"href":"https:\/\/price-man.fr\/index.php\/wp-json\/wp\/v2\/media?parent=370"}],"curies":[{"name":"wp","href":"https:\/\/api.w.org\/{rel}","templated":true}]}}