{"id":21,"date":"2019-09-05T10:24:54","date_gmt":"2019-09-05T10:24:54","guid":{"rendered":"https:\/\/price-inter.fr\/?page_id=21"},"modified":"2021-08-05T12:25:02","modified_gmt":"2021-08-05T10:25:02","slug":"mentions-legales","status":"publish","type":"page","link":"https:\/\/price-man.fr\/index.php\/mentions-legales\/","title":{"rendered":"Mentions l\u00e9gales"},"content":{"rendered":"<div id=\"pl-21\"  class=\"panel-layout\" ><div id=\"pg-21-0\"  class=\"panel-grid panel-has-style\" ><div class=\"panel-row-style panel-row-style-for-21-0\" ><div id=\"pgc-21-0-0\"  class=\"panel-grid-cell\" ><div id=\"panel-21-0-0-0\" class=\"so-panel widget widget_black-studio-tinymce widget_black_studio_tinymce panel-first-child panel-last-child\" data-index=\"0\" ><div class=\"textwidget\"><p>1. Les informations l\u00e9gales<\/p>\n<p>a) Site (ci apr\u00e8s \"le site\"):<\/p>\n<blockquote class=\"wp-embedded-content\" data-secret=\"5BSv5fqTts\"><p><a href=\"http:\/\/price-man.fr\/\">Accueil<\/a><\/p><\/blockquote>\n<p><iframe class=\"wp-embedded-content\" sandbox=\"allow-scripts\" security=\"restricted\" style=\"position: absolute; clip: rect(1px, 1px, 1px, 1px);\" title=\"\u00ab\u00a0Accueil\u00a0\u00bb &#8212; PRICE MAN\" src=\"http:\/\/price-man.fr\/embed\/#?secret=5BSv5fqTts\" data-secret=\"5BSv5fqTts\" width=\"600\" height=\"338\" frameborder=\"0\" marginwidth=\"0\" marginheight=\"0\" scrolling=\"no\"><\/iframe><\/p>\n<p>Editeur (ci-apr\u00e8s \u00ab l\u2019\u00e9diteur \u00bb)<\/p>\n<p>SAS PRICE MAN au capital de 50 000 \u20ac<\/p>\n<p>SAS immatricul\u00e9e au RCS de Pontoise 891 789 083<\/p>\n<p>Le si\u00e8ge social est situ\u00e9: 95 BD DE MAGENTA 75010 PARIS 10<\/p>\n<p>Repr\u00e9sentant : MME Val\u00e9rie SZPRYCER<\/p>\n<p>Directeur de la publication et DPO (d\u00e9l\u00e9gu\u00e9 \u00e0 la protection des donn\u00e9es): Mr Kevin SZPRYCER<\/p>\n<p>Cr\u00e9dit photos: Shutterstock \u2013 Adobestock \u2013 Pixabay \u2013 Unsplash \u2013 Pound5<\/p>\n<p>&nbsp;<\/p>\n<p>b) H\u00e9bergeur (ci-apr\u00e8s \u00ab l\u2019h\u00e9bergeur \u00bb)<\/p>\n<p>AMEN SASU au capital de 37 000 \u20ac\u00a0<span style=\"font-weight: var( --e-global-typography-text-font-weight );\">RCS Paris: 421 527 797 000 11<\/span><\/p>\n<p>Si\u00e8ge social : 12-14, Rond-Point des Champs Elys\u00e9es 75008 Paris<\/p>\n<p>Repr\u00e9sentant :\u00a0 Mr Claudio Corbetta<\/p>\n<p>&nbsp;<\/p>\n<p>c) Conception et r\u00e9alisation<\/p>\n<ul>\n<li>Interne<\/li>\n<\/ul>\n<p>2. Conditions d\u2019utilisation du site :<\/p>\n<p>La poursuite de la navigation sur le site implique l\u2019acceptation pleine et enti\u00e8re des conditions g\u00e9n\u00e9rales d\u2019utilisation ci-apr\u00e8s d\u00e9crites.<\/p>\n<p>Ces conditions d\u2019utilisation sont susceptibles d\u2019\u00eatre modifi\u00e9es ou compl\u00e9t\u00e9es \u00e0 tout moment, les utilisateurs du site sont donc invit\u00e9s \u00e0 les consulter de mani\u00e8re r\u00e9guli\u00e8re.<\/p>\n<p>Ce site est normalement accessible \u00e0 tout moment aux utilisateurs.<\/p>\n<p>Une interruption pour raison de maintenance technique peut \u00eatre toutefois d\u00e9cid\u00e9e.\u00a0 PRICE MAN s\u2019efforcera alors de communiquer pr\u00e9alablement aux utilisateurs les dates et heures de l\u2019intervention.<\/p>\n<p>&nbsp;<\/p>\n<p>3. Protection des donn\u00e9es \u00e0 caract\u00e8re personnel :<\/p>\n<p>&nbsp;<\/p>\n<p>a) Collecte :<\/p>\n<p>Les donn\u00e9es \u00e0 caract\u00e8re personnel que vous nous communiquez par le biais des formulaires disponibles sur ce site (par exemple une demande de contact ou de renseignement) sont destin\u00e9es et trait\u00e9es par PRICE MAN, en sa qualit\u00e9 de responsable de traitement, \u00e0 des fins de gestion interne et pour r\u00e9pondre \u00e0 votre demande.<\/p>\n<p>L\u2019utilisateur fournit ces informations en toute connaissance de cause, notamment lorsqu\u2019il proc\u00e8de par lui-m\u00eame \u00e0 leur saisie. Il est alors pr\u00e9cis\u00e9 \u00e0 l\u2019utilisateur du site l\u2019obligation ou non de fournir ces informations.<\/p>\n<p>Les informations collect\u00e9es sur le site internet sont exclusivement destin\u00e9es \u00e0 PRICE MAN. Ces informations sont stock\u00e9es exclusivement en France.<\/p>\n<p>La politique de confidentialit\u00e9 des donn\u00e9es personnelles de PRICE MAN est conforme \u00e0 la loi n\u00b078-17 du 6 janvier 1978 relative \u00e0 l\u2019informatique, aux fichiers et aux libert\u00e9s dite Loi \u201cInformatique et Libert\u00e9s\u201d et au r\u00e8glement UE 2016\/679 du Parlement europ\u00e9en et du Conseil du 27 avril 2016 relatif \u00e0 la protection des donn\u00e9es physiques \u00e0 l\u2019\u00e9gard du traitement des donn\u00e9es \u00e0 caract\u00e8re personnel et \u00e0 la libre circulation de ces donn\u00e9es, dit R.G.P.D.<\/p>\n<p>&nbsp;<\/p>\n<p>b) Utilisation :<\/p>\n<p>Les donn\u00e9es collect\u00e9es font l\u2019objet d\u2019un traitement informatique ayant pour finalit\u00e9 le traitement des demandes de l\u2019utilisateur dans la gestion commerciale de PRICE MAN, notamment, la r\u00e9ponse aux demandes d\u2019information formul\u00e9es sur le site, l\u2019envoi d\u2019informations commerciales lorsque l\u2019utilisateur a donn\u00e9 son accord, la r\u00e9servation de cours en ligne ou lorsque la l\u00e9gislation en vigueur l\u2019autorise.<\/p>\n<p>PRICE MAN s\u2019engage \u00e0 solliciter de la part de ses prestataires que ceux-ci se mettent en conformit\u00e9 avec les dispositions l\u00e9gales et r\u00e9glementaires en vigueur en mati\u00e8re de protection des donn\u00e9es personnelles.<\/p>\n<p>Les donn\u00e9es personnelles des utilisateurs sont conserv\u00e9es pendant une dur\u00e9e n\u2019exc\u00e9dant pas la dur\u00e9e n\u00e9cessaire aux finalit\u00e9s pour lesquelles elles ont \u00e9t\u00e9 collect\u00e9es.<\/p>\n<p>&nbsp;<\/p>\n<p><span style=\"font-weight: var( --e-global-typography-text-font-weight );\">c) Droits :<\/span><\/p>\n<p>L\u2019utilisateur dispose \u00e0 tout moment<\/p>\n<p>\u2013 du droit de retirer son consentement au traitement mis en \u0153uvre,<\/p>\n<p>\u2013 du droit \u00e0 l\u2019acc\u00e8s \u00e0 ses donn\u00e9es personnelles,<\/p>\n<p>\u2013 du droit d\u2019obtenir leur modification, rectification ou effacement dans les meilleurs d\u00e9lais.<\/p>\n<p>M r\u00e9serve de justifier de son identit\u00e9, l\u2019utilisateur peut exercer ces droits en \u00e9crivant \u00e0 PRICE MAN \u00e0 l\u2019adresse \u00e9lectronique suivante contact@price-man.fr ou \u00e0 l\u2019adresse postale suivante SAS PRICE MAN 95 BD DE MAGENTA 75010 PARIS 10<\/p>\n<p><span style=\"font-weight: var( --e-global-typography-text-font-weight );\">L\u2019utilisateur peut introduire une r\u00e9clamation aupr\u00e8s de l\u2019autorit\u00e9 fran\u00e7aise de protection des donn\u00e9es, la C.N.I.L. (www.cnil.fr).<\/span><\/p>\n<p>Pour plus d\u2019informations concernant la protection des donn\u00e9es \u00e0 caract\u00e8re personnel, il convient de se r\u00e9f\u00e9rer \u00e0 la politique de confidentialit\u00e9 de PRICE MAN. https:\/\/price-man.fr\/\/politique-de-confidentialite\/ \u200e<\/p>\n<p>&nbsp;<\/p>\n<p>d) Droits d\u2019auteurs :<\/p>\n<p>Toutes les marques, photographies, textes, commentaires, illustrations, images anim\u00e9es ou non, s\u00e9quences vid\u00e9o, sons, ainsi que toutes les applications informatiques qui pourraient \u00eatre utilis\u00e9es pour faire fonctionner ce site et plus g\u00e9n\u00e9ralement tous les \u00e9l\u00e9ments reproduits ou utilis\u00e9s sur le site sont prot\u00e9g\u00e9s par les lois en vigueur au titre de la propri\u00e9t\u00e9 intellectuelle.<\/p>\n<p>La reproduction ou repr\u00e9sentation, int\u00e9grale ou partielle, des pages, des donn\u00e9es et de toute autre \u00e9l\u00e9ment constitutif au site, par quelque proc\u00e9d\u00e9 ou support que ce soit, est interdite et constitue, sans autorisation de l\u2019\u00e9diteur, une contrefa\u00e7on et poursuivie conform\u00e9ment aux dispositions des articles L.335-2 et suivants du Code de Propri\u00e9t\u00e9 Intellectuelle.<\/p>\n<p>Le fait pour l\u2019\u00e9diteur de ne pas engager de proc\u00e9dure d\u00e8s la prise de connaissance de ces utilisations non autoris\u00e9es ne vaut pas acceptation desdites utilisations et renonciation aux poursuites.<\/p>\n<p>&nbsp;<\/p>\n<p>e) Responsabilit\u00e9s<\/p>\n<p>La responsabilit\u00e9 de l\u2019\u00e9diteur ne peut \u00eatre engag\u00e9e en cas de d\u00e9faillance, panne, difficult\u00e9 ou interruption de fonctionnement, emp\u00eachant l\u2019acc\u00e8s au site ou \u00e0 une de ses fonctionnalit\u00e9s.<\/p>\n<p>Toutes les informations indiqu\u00e9es sur le site sont donn\u00e9es \u00e0 titre indicatif et sont susceptibles d\u2019\u00e9voluer. Par ailleurs, les renseignements figurant sur le site ne sont pas exhaustifs. Ils sont donn\u00e9s sous r\u00e9serve de modifications ayant \u00e9t\u00e9 apport\u00e9es depuis leur mise en ligne.<\/p>\n<p>Le mat\u00e9riel de connexion au site que vous utilisez est sous votre enti\u00e8re responsabilit\u00e9. Vous devez prendre toutes les mesures appropri\u00e9es pour prot\u00e9ger votre mat\u00e9riel et vos propres donn\u00e9es notamment d\u2019attaques virales par Internet. Vous \u00eates par ailleurs le seul responsable des sites et donn\u00e9es que vous consultez.<\/p>\n<p>L\u2019\u00e9diteur ne pourra \u00eatre tenu responsable en cas de poursuites judiciaires \u00e0 votre encontre :<\/p>\n<p>\u2013\u00a0 du fait de l\u2019usage du site ou de tout service accessible via Internet ;<\/p>\n<p>\u2013\u00a0 du fait du non-respect par vous des pr\u00e9sents politiques de confidentialit\u00e9<\/p>\n<p>L\u2019\u00e9diteur n\u2019est pas responsable des dommages caus\u00e9s \u00e0 vous-m\u00eame, \u00e0 des tiers et\/ou \u00e0 votre \u00e9quipement du fait de votre connexion ou de votre utilisation du site et vous renoncez \u00e0 toute action contre lui de ce fait.<\/p>\n<p>Si l\u2019\u00e9diteur venait \u00e0 faire l\u2019objet d\u2019une proc\u00e9dure amiable ou judiciaire \u00e0 raison de votre utilisation du site, il pourra se retourner contre vous pour obtenir indemnisation de tous les pr\u00e9judices, sommes, condamnations et frais qui pourraient d\u00e9couler de cette proc\u00e9dure.<\/p>\n<p>&nbsp;<\/p>\n<p>f) Gestion du site<\/p>\n<p>Pour la bonne gestion du site, l\u2019\u00e9diteur pourra \u00e0 tout moment :<\/p>\n<p>\u2013 suspendre, interrompre ou de limiter l\u2019acc\u00e8s \u00e0 tout ou partie du site, r\u00e9server l\u2019acc\u00e8s au site, ou \u00e0 certaines parties du site, \u00e0 une cat\u00e9gorie d\u00e9termin\u00e9e d\u2019internaute ;<\/p>\n<p>\u2013 supprimer toute information pouvant en perturber le fonctionnement ou entrant en contravention avec les lois nationales ou internationales, ou avec les r\u00e8gles de la N\u00e9tiquette ;<\/p>\n<p>\u2013 suspendre le site afin de proc\u00e9der \u00e0 des mises \u00e0 jour.<\/p>\n<p>&nbsp;<\/p>\n<p>4. Contenu du site:<\/p>\n<p>a) Liens hypertextes:<\/p>\n<p>La cr\u00e9ation de liens hypertextes vers le site \u00ab https:\/\/price-man.fr\/ est soumise \u00e0 l\u2019accord pr\u00e9alable de la Pr\u00e9sidence de la SAS PRICE MAN.<\/p>\n<p><span style=\"font-weight: var( --e-global-typography-text-font-weight );\">L\u2019\u00e9diteur est libre de refuser cette autorisation sans avoir \u00e0 justifier de quelque mani\u00e8re que ce soit sa d\u00e9cision. Dans le cas o\u00f9 l\u2019\u00e9diteur accorderait son autorisation, celle-ci n\u2019est dans tous les cas que temporaire et pourra \u00eatre retir\u00e9e \u00e0 tout moment, sans obligation de justification \u00e0 la charge de l\u2019\u00e9diteur.<\/span><\/p>\n<p><span style=\"font-weight: var( --e-global-typography-text-font-weight );\">Dans tous les cas, tout lien devra \u00eatre retir\u00e9 sur simple demande de l\u2019\u00e9diteur.<\/span><\/p>\n<p>Les liens hypertextes \u00e9tablis en direction d\u2019autres sites \u00e0 partir de \u00ab https:\/\/price-man.fr\/ \u00bb ne sauraient, en aucun cas, engager la responsabilit\u00e9 de la SAS PRICE MAN.<\/p>\n<p>&nbsp;<\/p>\n<p>b) Informations techniques :<\/p>\n<p>Il est express\u00e9ment rappel\u00e9 \u00e0 l\u2019utilisateur qu\u2019internet n\u2019est pas un r\u00e9seau s\u00e9curis\u00e9. L\u2019utilisateur reconna\u00eet \u00eatre pleinement inform\u00e9 du d\u00e9faut de fiabilit\u00e9 du r\u00e9seau internet, tout particuli\u00e8rement en termes de failles de s\u00e9curit\u00e9 relative \u00e0 la transmission de donn\u00e9es et de non garantie des performances relatives au volume et \u00e0 la rapidit\u00e9 de transmission des donn\u00e9es.\u00a0 PRICE MAN met tout en \u0153uvre afin que la plateforme PRICE MAN soit la plus s\u00e9curis\u00e9e possible. Cependant, Internet n\u2019est pas un r\u00e9seau s\u00e9curis\u00e9 et il est possible que la fiabilit\u00e9 du syst\u00e8me soit compromise ind\u00e9pendamment de la volont\u00e9 de PRICE MAN.\u00a0 PRICE MAN ne sera en aucun cas responsable d\u2019\u00e9v\u00e8nements impr\u00e9visibles tels que des failles de s\u00e9curit\u00e9 concernant la transmission de donn\u00e9es ni de la garantie des performances relatives au volume et \u00e0 la rapidit\u00e9 de transmission des donn\u00e9es. Dans ces conditions, il appartient aux Utilisateurs de prendre toutes les mesures appropri\u00e9es de fa\u00e7on \u00e0 prot\u00e9ger leurs propres donn\u00e9es et\/ou logiciels notamment de la contamination par d\u2019\u00e9ventuels virus circulant sur Internet.<\/p>\n<p>&nbsp;<\/p>\n<p><span style=\"font-weight: var( --e-global-typography-text-font-weight );\">c) Cookies :<\/span><\/p>\n<p>Le site peut collecter automatiquement des informations standards. Toutes les informations collect\u00e9es indirectement ne seront utilis\u00e9es que pour suivre le volume, le type et la configuration du trafic utilisant ce site, pour en d\u00e9velopper la conception et l\u2019agencement et \u00e0 d\u2019autres fins administratives et de planification et plus g\u00e9n\u00e9ralement pour am\u00e9liorer le service que nous vous offrons.<\/p>\n<p><span style=\"font-weight: var( --e-global-typography-text-font-weight );\">Vous pouvez d\u00e9sactiver l\u2019utilisation de cookies en s\u00e9lectionnant les param\u00e8tres appropri\u00e9s de votre navigateur. Cependant, une telle d\u00e9sactivation pourrait emp\u00eacher l\u2019utilisation de certaines fonctionnalit\u00e9s de ce site.<\/span><\/p>\n<p><span style=\"font-weight: var( --e-global-typography-text-font-weight );\"><br \/>\n<span style=\"font-weight: var( --e-global-typography-text-font-weight );\">5. Droit applicable \u2013 Juridiction comp\u00e9tente :\u00a0<\/span><br \/>\n<\/span><\/p>\n<p>Les pr\u00e9sentes conditions g\u00e9n\u00e9rales et toutes les op\u00e9rations qui en d\u00e9coulent sont r\u00e9gies et soumises au droit fran\u00e7ais.<\/p>\n<p>En cas de recours \u00e0 une juridiction pour une contestation de quelque nature que ce soit, seuls les Tribunaux de CERGY-PONTOISE sont comp\u00e9tents, sous r\u00e9serve d\u2019un texte de loi ou r\u00e9glementaire particulier.<\/p>\n<p>&nbsp;<\/p>\n<p>Lexique :<\/p>\n<p>Utilisateur : Internaute se connectant, utilisant le site susnomm\u00e9, personne physique qui peut \u00eatre identifi\u00e9e, directement ou indirectement, notamment par r\u00e9f\u00e9rence \u00e0 un identifiant, tel qu\u2019un nom, un num\u00e9ro d\u2019identification, des donn\u00e9es de localisation, un identifiant en ligne, ou \u00e0 un ou plusieurs \u00e9l\u00e9ments sp\u00e9cifiques propres \u00e0 son identit\u00e9 physique, physiologique, g\u00e9n\u00e9tique, psychique, \u00e9conomique, culturelle ou sociale.<\/p>\n<p>&nbsp;<\/p>\n<p>Donn\u00e9es \u00e0 caract\u00e8re personnel : Toute information se rapportant \u00e0 une personne physique identifi\u00e9e ou identifiable (Article 4 du R.G.P.D.).<\/p>\n<p>&nbsp;<\/p>\n<\/div><\/div><\/div><div id=\"pgc-21-0-1\"  class=\"panel-grid-cell\" ><div id=\"panel-21-0-1-0\" class=\"so-panel widget widget_black-studio-tinymce widget_black_studio_tinymce panel-first-child panel-last-child\" data-index=\"1\" ><div class=\"textwidget\"><p><a><img class=\"alignnone size-full wp-image-64\" src=\"\/wp-content\/uploads\/2021\/03\/price-inter-illustration-metier-1.jpg\" alt=\"341\" \/><\/a><\/p>\n<p><a><img class=\"alignnone size-full wp-image-53\" src=\"\/wp-content\/uploads\/2021\/03\/price-inter-illustration-metier-2.jpg\" alt=\"231\" \/><\/a><\/p>\n<\/div><\/div><\/div><\/div><\/div><\/div>","protected":false},"excerpt":{"rendered":"<p>1. Les informations l\u00e9gales a) Site (ci apr\u00e8s &#8220;le site&#8221;): Https:\/\/price-man.fr\/ Editeur (ci-apr\u00e8s \u00ab l\u2019\u00e9diteur \u00bb) SAS PRICE MAN au capital de 50 000 \u20ac SAS immatricul\u00e9e au RCS de Pontoise 891 789 083 Le si\u00e8ge social est situ\u00e9: 95 BD DE MAGENTA 75010 PARIS 10 Repr\u00e9sentant : MME Val\u00e9rie SZPRYCER Directeur de la publication &hellip;<\/p>\n","protected":false},"author":1,"featured_media":0,"parent":0,"menu_order":0,"comment_status":"closed","ping_status":"closed","template":"","meta":[],"_links":{"self":[{"href":"https:\/\/price-man.fr\/index.php\/wp-json\/wp\/v2\/pages\/21"}],"collection":[{"href":"https:\/\/price-man.fr\/index.php\/wp-json\/wp\/v2\/pages"}],"about":[{"href":"https:\/\/price-man.fr\/index.php\/wp-json\/wp\/v2\/types\/page"}],"author":[{"embeddable":true,"href":"https:\/\/price-man.fr\/index.php\/wp-json\/wp\/v2\/users\/1"}],"replies":[{"embeddable":true,"href":"https:\/\/price-man.fr\/index.php\/wp-json\/wp\/v2\/comments?post=21"}],"version-history":[{"count":2,"href":"https:\/\/price-man.fr\/index.php\/wp-json\/wp\/v2\/pages\/21\/revisions"}],"predecessor-version":[{"id":1320,"href":"https:\/\/price-man.fr\/index.php\/wp-json\/wp\/v2\/pages\/21\/revisions\/1320"}],"wp:attachment":[{"href":"https:\/\/price-man.fr\/index.php\/wp-json\/wp\/v2\/media?parent=21"}],"curies":[{"name":"wp","href":"https:\/\/api.w.org\/{rel}","templated":true}]}}