{"id":16,"date":"2019-09-05T10:21:37","date_gmt":"2019-09-05T10:21:37","guid":{"rendered":"https:\/\/price-inter.fr\/?page_id=16"},"modified":"2021-08-04T19:27:48","modified_gmt":"2021-08-04T17:27:48","slug":"politique-de-confidentialite-2","status":"publish","type":"page","link":"https:\/\/price-man.fr\/index.php\/politique-de-confidentialite-2\/","title":{"rendered":"Politique de confidentialit\u00e9"},"content":{"rendered":"<div id=\"pl-16\"  class=\"panel-layout\" ><div id=\"pg-16-0\"  class=\"panel-grid panel-has-style\" ><div class=\"panel-row-style panel-row-style-for-16-0\" ><div id=\"pgc-16-0-0\"  class=\"panel-grid-cell\" ><div id=\"panel-16-0-0-0\" class=\"so-panel widget widget_black-studio-tinymce widget_black_studio_tinymce panel-first-child panel-last-child\" data-index=\"0\" ><div class=\"textwidget\"><p style=\"line-height: 21.6pt; background: white;\"><span style=\"font-size: 10.5pt; font-family: 'Arial',sans-serif; color: #7a7a7a;\">I. DONN\u00c9ES PERSONNELLES<\/span><\/p>\n<p style=\"line-height: 21.6pt; background: white; box-sizing: border-box; margin: 1rem; outline: none; font-variant-ligatures: normal; font-variant-caps: normal; orphans: 2; widows: 2; -webkit-text-stroke-width: 0px; text-decoration-thickness: initial; text-decoration-style: initial; text-decoration-color: initial; word-spacing: 0px;\"><span style=\"font-size: 10.5pt; font-family: 'Arial',sans-serif; color: #7a7a7a;\">Le site est amen\u00e9 \u00e0 vous demander des informations personnelles, certaines sont obligatoires et d\u2019autres sont facultatives. Ces informations, \u00e0 caract\u00e8re non obligatoires, sont collect\u00e9es dans le but de mieux vous satisfaire en r\u00e9pondant de mani\u00e8re plus personnalis\u00e9e \u00e0 vos attentes. Conform\u00e9ment \u00e0 l\u2019article 27 de la loi \u00ab Informatique et Libert\u00e9s \u00bb du 6 janvier 1978, les informations indispensables servent \u00e0 traiter et ex\u00e9cuter vos demandes et sont signal\u00e9es par un ast\u00e9risque sur le site PRICE MAN collecte les donn\u00e9es que vous communiquez :<\/span><\/p>\n<p style=\"line-height: 21.6pt; background: white; box-sizing: border-box; margin: 1rem; outline: none; font-variant-ligatures: normal; font-variant-caps: normal; orphans: 2; widows: 2; -webkit-text-stroke-width: 0px; text-decoration-thickness: initial; text-decoration-style: initial; text-decoration-color: initial; word-spacing: 0px;\"><span style=\"font-size: 10.5pt; font-family: 'Arial',sans-serif; color: #7a7a7a;\">Civilit\u00e9,\u00a0<\/span><span style=\"font-size: 10.5pt; font-family: 'Arial',sans-serif; color: #7a7a7a;\">Nom,\u00a0<\/span><span style=\"font-size: 10.5pt; font-family: 'Arial',sans-serif; color: #7a7a7a;\">Pr\u00e9nom,\u00a0<\/span><span style=\"font-size: 10.5pt; font-family: 'Arial',sans-serif; color: #7a7a7a;\">Num\u00e9ro de t\u00e9l\u00e9phone,\u00a0<\/span><span style=\"font-size: 10.5pt; font-family: 'Arial',sans-serif; color: #7a7a7a;\">Adresse e-mail,\u00a0<\/span><span style=\"font-size: 10.5pt; font-family: 'Arial',sans-serif; color: #7a7a7a;\">Nature de la demande,\u00a0<\/span><span style=\"font-size: 10.5pt; font-family: 'Arial',sans-serif; color: #7a7a7a;\">Secteur d\u2019activit\u00e9,\u00a0<\/span><span style=\"font-size: 10.5pt; font-family: 'Arial',sans-serif; color: #7a7a7a;\">CV.<\/span><\/p>\n<p style=\"line-height: 21.6pt; background: white; box-sizing: border-box; margin: 1rem; outline: none; font-variant-ligatures: normal; font-variant-caps: normal; orphans: 2; widows: 2; -webkit-text-stroke-width: 0px; text-decoration-thickness: initial; text-decoration-style: initial; text-decoration-color: initial; word-spacing: 0px;\"><span style=\"font-size: 10.5pt; font-family: 'Arial',sans-serif; color: #7a7a7a;\">D\u2019une mani\u00e8re g\u00e9n\u00e9rale, il vous est possible de visiter le Site de PRICE MAN sans communiquer aucune information personnelle vous concernant. En toute hypoth\u00e8se, vous n\u2019\u00eates en aucune mani\u00e8re oblig\u00e9 de transmettre ces informations \u00e0 PRICE MAN.<\/span><\/p>\n<p style=\"line-height: 21.6pt; background: white; box-sizing: border-box; margin: 1rem; outline: none; font-variant-ligatures: normal; font-variant-caps: normal; orphans: 2; widows: 2; -webkit-text-stroke-width: 0px; text-decoration-thickness: initial; text-decoration-style: initial; text-decoration-color: initial; word-spacing: 0px;\"><span style=\"font-size: 10.5pt; font-family: 'Arial',sans-serif; color: #7a7a7a;\">Conform\u00e9ment au R\u00e8glement G\u00e9n\u00e9ral sur la Protection des Donn\u00e9es (General Data Protection R\u00e9gulation) adopt\u00e9 par le Parlement europ\u00e9en le 14 avril 2016, et \u00e0 la Loi Informatique et Libert\u00e9s du 6 janvier 1978 modifi\u00e9e, PRICE MAN vous informe des points suivants :<\/span><\/p>\n<p style=\"line-height: 21.6pt; background: white; box-sizing: border-box; margin: 1rem; outline: none; font-variant-ligatures: normal; font-variant-caps: normal; orphans: 2; widows: 2; -webkit-text-stroke-width: 0px; text-decoration-thickness: initial; text-decoration-style: initial; text-decoration-color: initial; word-spacing: 0px;\"><span style=\"font-size: 10.5pt; font-family: 'Arial',sans-serif; color: #7a7a7a;\">Le responsable du traitement est Mr Kevin SZPRYCER<\/span><\/p>\n<p style=\"line-height: 21.6pt; background: white; box-sizing: border-box; margin: 1rem; outline: none; font-variant-ligatures: normal; font-variant-caps: normal; orphans: 2; widows: 2; -webkit-text-stroke-width: 0px; text-decoration-thickness: initial; text-decoration-style: initial; text-decoration-color: initial; word-spacing: 0px;\"><span style=\"font-size: 10.5pt; font-family: 'Arial',sans-serif; color: #7a7a7a;\">T\u00e9l. : <a class=\"icon-box\" href=\"tel:0187536150\" target=\"_self\"><span class=\"icon-box__subtitle\">01-87-53-61-50<\/span><\/a><\/span><\/p>\n<p style=\"line-height: 21.6pt; background: white; box-sizing: border-box; margin: 1rem; outline: none; font-variant-ligatures: normal; font-variant-caps: normal; orphans: 2; widows: 2; -webkit-text-stroke-width: 0px; text-decoration-thickness: initial; text-decoration-style: initial; text-decoration-color: initial; word-spacing: 0px;\"><span style=\"font-size: 10.5pt; font-family: 'Arial',sans-serif; color: #7a7a7a;\">Adresse email: contact@price-man.fr<\/span><\/p>\n<p style=\"line-height: 21.6pt; background: white; box-sizing: border-box; margin: 1rem; outline: none; font-variant-ligatures: normal; font-variant-caps: normal; orphans: 2; widows: 2; -webkit-text-stroke-width: 0px; text-decoration-thickness: initial; text-decoration-style: initial; text-decoration-color: initial; word-spacing: 0px;\"><span style=\"font-size: 10.5pt; font-family: 'Arial',sans-serif; color: #7a7a7a;\">\u00a0<\/span><\/p>\n<p style=\"line-height: 21.6pt; background: white; box-sizing: border-box; margin: 1rem; outline: none; font-variant-ligatures: normal; font-variant-caps: normal; orphans: 2; widows: 2; -webkit-text-stroke-width: 0px; text-decoration-thickness: initial; text-decoration-style: initial; text-decoration-color: initial; word-spacing: 0px;\"><span style=\"font-size: 10.5pt; font-family: 'Arial',sans-serif; color: #7a7a7a;\">II. FINALIT\u00c9S DU TRAITEMENT<\/span><\/p>\n<p style=\"line-height: 21.6pt; background: white; box-sizing: border-box; margin: 1rem; outline: none; font-variant-ligatures: normal; font-variant-caps: normal; orphans: 2; widows: 2; -webkit-text-stroke-width: 0px; text-decoration-thickness: initial; text-decoration-style: initial; text-decoration-color: initial; word-spacing: 0px;\"><span style=\"font-size: 10.5pt; font-family: 'Arial',sans-serif; color: #7a7a7a;\">a) Les commentaires<\/span><\/p>\n<p style=\"line-height: 21.6pt; background: white; box-sizing: border-box; margin: 1rem; outline: none; font-variant-ligatures: normal; font-variant-caps: normal; orphans: 2; widows: 2; -webkit-text-stroke-width: 0px; text-decoration-thickness: initial; text-decoration-style: initial; text-decoration-color: initial; word-spacing: 0px;\"><span style=\"font-size: 10.5pt; font-family: 'Arial',sans-serif; color: #7a7a7a;\">Quand vous laissez un commentaire sur notre site web, les donn\u00e9es inscrites dans le formulaire de commentaire, mais aussi votre adresse IP et l\u2019agent utilisateur de votre navigateur sont collect\u00e9s pour nous aider \u00e0 la d\u00e9tection des commentaires ind\u00e9sirables.<\/span><\/p>\n<p style=\"line-height: 21.6pt; background: white; box-sizing: border-box; margin: 1rem; outline: none; font-variant-ligatures: normal; font-variant-caps: normal; orphans: 2; widows: 2; -webkit-text-stroke-width: 0px; text-decoration-thickness: initial; text-decoration-style: initial; text-decoration-color: initial; word-spacing: 0px;\"><span style=\"font-size: 10.5pt; font-family: 'Arial',sans-serif; color: #7a7a7a;\">Une cha\u00eene anonymis\u00e9e cr\u00e9\u00e9e \u00e0 partir de votre adresse de messagerie (\u00e9galement appel\u00e9e hash) peut \u00eatre envoy\u00e9e au service Gravatar pour v\u00e9rifier si vous utilisez ce dernier. Les clauses de confidentialit\u00e9 du service Gravatar sont disponibles ici : https:\/\/automattic.com\/privacy\/. Apr\u00e8s validation de votre commentaire, votre photo de profil sera visible publiquement \u00e0 cot\u00e9 de votre commentaire.<\/span><\/p>\n<p style=\"line-height: 21.6pt; background: white; box-sizing: border-box; margin: 1rem; outline: none; font-variant-ligatures: normal; font-variant-caps: normal; orphans: 2; widows: 2; -webkit-text-stroke-width: 0px; text-decoration-thickness: initial; text-decoration-style: initial; text-decoration-color: initial; word-spacing: 0px;\"><span style=\"font-size: 10.5pt; font-family: 'Arial',sans-serif; color: #7a7a7a;\">Nous r\u00e9coltons des informations sur les visiteurs qui commentent sur les sites utilisant Akismet, notre service contre les ind\u00e9sirables. Ces informations r\u00e9colt\u00e9es d\u00e9pendent des r\u00e9glages Akismet effectu\u00e9s par l\u2019utilisateur sur le site, et incluent g\u00e9n\u00e9ralement l\u2019adresse IP des commentateurs, l\u2019agent utilisateur, le r\u00e9f\u00e9rent et l\u2019URL du site (ainsi que d\u2019autres informations fournies directement par le commentateur comme leur nom, nom d\u2019utilisateur, adresse e-mail et leur commentaire).<\/span><\/p>\n<p style=\"line-height: 21.6pt; background: white; box-sizing: border-box; margin: 1rem; outline: none; font-variant-ligatures: normal; font-variant-caps: normal; orphans: 2; widows: 2; -webkit-text-stroke-width: 0px; text-decoration-thickness: initial; text-decoration-style: initial; text-decoration-color: initial; word-spacing: 0px;\"><span style=\"font-size: 10.5pt; font-family: 'Arial',sans-serif; color: #7a7a7a;\">b) Les cookies<\/span><\/p>\n<p style=\"line-height: 21.6pt; background: white; box-sizing: border-box; margin: 1rem; outline: none; font-variant-ligatures: normal; font-variant-caps: normal; orphans: 2; widows: 2; -webkit-text-stroke-width: 0px; text-decoration-thickness: initial; text-decoration-style: initial; text-decoration-color: initial; word-spacing: 0px;\"><span style=\"font-size: 10.5pt; font-family: 'Arial',sans-serif; color: #7a7a7a;\">Si vous d\u00e9posez un commentaire sur notre site, il vous sera propos\u00e9 d\u2019enregistrer votre nom, adresse de messagerie et site web dans des cookies. C\u2019est uniquement pour votre confort afin de ne pas avoir \u00e0 saisir ces informations si vous d\u00e9posez un autre commentaire plus tard. Ces cookies expirent au bout d\u2019un an.<\/span><\/p>\n<p style=\"line-height: 21.6pt; background: white; box-sizing: border-box; margin: 1rem; outline: none; font-variant-ligatures: normal; font-variant-caps: normal; orphans: 2; widows: 2; -webkit-text-stroke-width: 0px; text-decoration-thickness: initial; text-decoration-style: initial; text-decoration-color: initial; word-spacing: 0px;\"><span style=\"font-size: 10.5pt; font-family: 'Arial',sans-serif; color: #7a7a7a;\">Si vous avez un compte et que vous vous connectez sur ce site, un cookie temporaire sera cr\u00e9\u00e9 afin de d\u00e9terminer si votre navigateur accepte les cookies. Il ne contient pas de donn\u00e9es personnelles et sera supprim\u00e9 automatiquement \u00e0 la fermeture de votre navigateur.<\/span><\/p>\n<p style=\"line-height: 21.6pt; background: white; box-sizing: border-box; margin: 1rem; outline: none; font-variant-ligatures: normal; font-variant-caps: normal; orphans: 2; widows: 2; -webkit-text-stroke-width: 0px; text-decoration-thickness: initial; text-decoration-style: initial; text-decoration-color: initial; word-spacing: 0px;\"><span style=\"font-size: 10.5pt; font-family: 'Arial',sans-serif; color: #7a7a7a;\">Lorsque vous vous connecterez, nous mettrons en place un certain nombre de cookies pour enregistrer vos informations de connexion et vos pr\u00e9f\u00e9rences d\u2019\u00e9cran. La dur\u00e9e de vie d\u2019un cookie de connexion est de deux jours, celle d\u2019un cookie d\u2019option d\u2019\u00e9cran est d\u2019un an. Si vous cochez \u00ab Se souvenir de moi \u00bb, votre cookie de connexion sera conserv\u00e9 pendant deux semaines. Si vous vous d\u00e9connectez de votre compte, le cookie de connexion sera effac\u00e9.<\/span><\/p>\n<p style=\"line-height: 21.6pt; background: white; box-sizing: border-box; margin: 1rem; outline: none; font-variant-ligatures: normal; font-variant-caps: normal; orphans: 2; widows: 2; -webkit-text-stroke-width: 0px; text-decoration-thickness: initial; text-decoration-style: initial; text-decoration-color: initial; word-spacing: 0px;\"><span style=\"font-size: 10.5pt; font-family: 'Arial',sans-serif; color: #7a7a7a;\">c) La dur\u00e9e de stockage de vos donn\u00e9es<\/span><\/p>\n<p style=\"line-height: 21.6pt; background: white; box-sizing: border-box; margin: 1rem; outline: none; font-variant-ligatures: normal; font-variant-caps: normal; orphans: 2; widows: 2; -webkit-text-stroke-width: 0px; text-decoration-thickness: initial; text-decoration-style: initial; text-decoration-color: initial; word-spacing: 0px;\"><span style=\"font-size: 10.5pt; font-family: 'Arial',sans-serif; color: #7a7a7a;\">Si vous laissez un commentaire, le commentaire et ses m\u00e9tadonn\u00e9es sont conserv\u00e9s pour une dur\u00e9e de 5 ans. Cela permet de reconna\u00eetre et approuver automatiquement les commentaires suivants au lieu de les laisser dans la file de mod\u00e9ration.<\/span><\/p>\n<p style=\"line-height: 21.6pt; background: white; box-sizing: border-box; margin: 1rem; outline: none; font-variant-ligatures: normal; font-variant-caps: normal; orphans: 2; widows: 2; -webkit-text-stroke-width: 0px; text-decoration-thickness: initial; text-decoration-style: initial; text-decoration-color: initial; word-spacing: 0px;\"><span style=\"font-size: 10.5pt; font-family: 'Arial',sans-serif; color: #7a7a7a;\">d) Les droits que vous avez sur vos donn\u00e9es<\/span><\/p>\n<p style=\"line-height: 21.6pt; background: white; box-sizing: border-box; margin: 1rem; outline: none; font-variant-ligatures: normal; font-variant-caps: normal; orphans: 2; widows: 2; -webkit-text-stroke-width: 0px; text-decoration-thickness: initial; text-decoration-style: initial; text-decoration-color: initial; word-spacing: 0px;\"><span style=\"font-size: 10.5pt; font-family: 'Arial',sans-serif; color: #7a7a7a;\">Si vous avez un compte ou si vous avez laiss\u00e9 des commentaires sur le site, vous pouvez demander \u00e0 recevoir un fichier contenant toutes les donn\u00e9es personnelles que nous poss\u00e9dons \u00e0 votre sujet, incluant celles que vous nous avez fournies. Vous pouvez \u00e9galement demander la suppression des donn\u00e9es personnelles vous concernant. Cela ne prend pas en compte les donn\u00e9es stock\u00e9es \u00e0 des fins administratives, l\u00e9gales ou pour des raisons de s\u00e9curit\u00e9.<\/span><\/p>\n<p style=\"line-height: 21.6pt; background: white; box-sizing: border-box; margin: 1rem; outline: none; font-variant-ligatures: normal; font-variant-caps: normal; orphans: 2; widows: 2; -webkit-text-stroke-width: 0px; text-decoration-thickness: initial; text-decoration-style: initial; text-decoration-color: initial; word-spacing: 0px;\"><span style=\"font-size: 10.5pt; font-family: 'Arial',sans-serif; color: #7a7a7a;\">e) Google Analytics et Google Tag Manager (analyse Web)<\/span><\/p>\n<p style=\"line-height: 21.6pt; background: white; box-sizing: border-box; margin: 1rem; outline: none; font-variant-ligatures: normal; font-variant-caps: normal; orphans: 2; widows: 2; -webkit-text-stroke-width: 0px; text-decoration-thickness: initial; text-decoration-style: initial; text-decoration-color: initial; word-spacing: 0px;\"><span style=\"font-size: 10.5pt; font-family: 'Arial',sans-serif; color: #7a7a7a;\">Notre site web utilise le service Google Analytics et Google Tag Web Analytics Manager de Google Inc. 1600 Amphitheatre Parkway, Mountain View, CA 94043, \u00c9tats-Unis (\u201dGoogle\u201d).<\/span><\/p>\n<p style=\"line-height: 21.6pt; background: white; box-sizing: border-box; margin: 1rem; outline: none; font-variant-ligatures: normal; font-variant-caps: normal; orphans: 2; widows: 2; -webkit-text-stroke-width: 0px; text-decoration-thickness: initial; text-decoration-style: initial; text-decoration-color: initial; word-spacing: 0px;\"><span style=\"font-size: 10.5pt; font-family: 'Arial',sans-serif; color: #7a7a7a;\">En fonction de votre consentement, Google fait l\u2019analyse de votre utilisation de notre site web dans le cadre de notre mission. Pour cela, nous utilisons les cookies d\u00e9crits plus t\u00f4t. Les informations recueillies par Google lorsque vous utilisez notre site (par exemple, intercepter l\u2019URL, les pages web visit\u00e9es, le type de navigateur, vos choix de langue, votre syst\u00e8me d\u2019exploitation, r\u00e9solution d\u2019\u00e9cran) sera transf\u00e9r\u00e9 \u00e0 Google aux Etats-Unis, o\u00f9 elles sont stock\u00e9es et analys\u00e9es. Les r\u00e9sultats seront alors disponibles sous forme anonyme. Les donn\u00e9es personnelles ne seront pas associ\u00e9es \u00e0 votre adresse IP compl\u00e8te, conform\u00e9ment \u00e0 la loi. Nous avons activ\u00e9 la fonction d\u2019anonymisation IP aliment\u00e9 par Google, ce qui signifie que les 8 derniers caract\u00e8res (IPv4 type) ou les 80 derniers bits (IPv6 de type) de votre adresse IP seront supprim\u00e9s. Google est \u00e9galement certifi\u00e9 dans le cadre du bouclier de confidentialit\u00e9 UE-\u00c9tats-Unis, qui garantit un niveau ad\u00e9quat de s\u00e9curit\u00e9 des donn\u00e9es dans le traitement des donn\u00e9es par Google aux \u00c9tats-Unis.<\/span><\/p>\n<p style=\"line-height: 21.6pt; background: white; box-sizing: border-box; margin: 1rem; outline: none; font-variant-ligatures: normal; font-variant-caps: normal; orphans: 2; widows: 2; -webkit-text-stroke-width: 0px; text-decoration-thickness: initial; text-decoration-style: initial; text-decoration-color: initial; word-spacing: 0px;\"><span style=\"font-size: 10.5pt; font-family: 'Arial',sans-serif; color: #7a7a7a;\">Pour plus d\u2019informations sur Google Analytics et Google Tag Manager: Google Analytics Conditions d\u2019utilisation, Google Analytics s\u00e9curit\u00e9 et principes de confidentialit\u00e9, Google Gestionnaire de balises Conditions d\u2019utilisation et Google Politique de confidentialit\u00e9.<\/span><\/p>\n<\/div><\/div><\/div><div id=\"pgc-16-0-1\"  class=\"panel-grid-cell\" ><div id=\"panel-16-0-1-0\" class=\"so-panel widget widget_black-studio-tinymce widget_black_studio_tinymce panel-first-child panel-last-child\" data-index=\"1\" ><div class=\"textwidget\"><p><a><img class=\"alignnone size-full wp-image-64\" src=\"\/wp-content\/uploads\/2021\/03\/price-inter-illustration-metier-1.jpg\" alt=\"341\" \/><\/a><\/p>\n<p><a><img class=\"alignnone size-full wp-image-53\" src=\"\/wp-content\/uploads\/2021\/03\/price-inter-illustration-metier-2.jpg\" alt=\"231\" \/><\/a><\/p>\n<\/div><\/div><\/div><\/div><\/div><\/div>","protected":false},"excerpt":{"rendered":"<p>I. DONN\u00c9ES PERSONNELLES Le site est amen\u00e9 \u00e0 vous demander des informations personnelles, certaines sont obligatoires et d\u2019autres sont facultatives. Ces informations, \u00e0 caract\u00e8re non obligatoires, sont collect\u00e9es dans le but de mieux vous satisfaire en r\u00e9pondant de mani\u00e8re plus personnalis\u00e9e \u00e0 vos attentes. Conform\u00e9ment \u00e0 l\u2019article 27 de la loi \u00ab Informatique et Libert\u00e9s &hellip;<\/p>\n","protected":false},"author":1,"featured_media":0,"parent":0,"menu_order":0,"comment_status":"closed","ping_status":"closed","template":"","meta":[],"_links":{"self":[{"href":"https:\/\/price-man.fr\/index.php\/wp-json\/wp\/v2\/pages\/16"}],"collection":[{"href":"https:\/\/price-man.fr\/index.php\/wp-json\/wp\/v2\/pages"}],"about":[{"href":"https:\/\/price-man.fr\/index.php\/wp-json\/wp\/v2\/types\/page"}],"author":[{"embeddable":true,"href":"https:\/\/price-man.fr\/index.php\/wp-json\/wp\/v2\/users\/1"}],"replies":[{"embeddable":true,"href":"https:\/\/price-man.fr\/index.php\/wp-json\/wp\/v2\/comments?post=16"}],"version-history":[{"count":1,"href":"https:\/\/price-man.fr\/index.php\/wp-json\/wp\/v2\/pages\/16\/revisions"}],"predecessor-version":[{"id":1291,"href":"https:\/\/price-man.fr\/index.php\/wp-json\/wp\/v2\/pages\/16\/revisions\/1291"}],"wp:attachment":[{"href":"https:\/\/price-man.fr\/index.php\/wp-json\/wp\/v2\/media?parent=16"}],"curies":[{"name":"wp","href":"https:\/\/api.w.org\/{rel}","templated":true}]}}