{"id":1187,"date":"2021-03-10T15:41:19","date_gmt":"2021-03-10T15:41:19","guid":{"rendered":"https:\/\/price-inter.fr\/?page_id=1187"},"modified":"2021-08-04T19:33:59","modified_gmt":"2021-08-04T17:33:59","slug":"qui-sommes-nous","status":"publish","type":"page","link":"https:\/\/price-man.fr\/index.php\/qui-sommes-nous\/","title":{"rendered":"Choisir Price Man"},"content":{"rendered":"<div id=\"pl-1187\"  class=\"panel-layout\" ><div id=\"pg-1187-0\"  class=\"panel-grid panel-has-style\" ><div class=\"panel-row-style panel-row-style-for-1187-0\" ><div id=\"pgc-1187-0-0\"  class=\"panel-grid-cell\" ><div id=\"panel-1187-0-0-0\" class=\"so-panel widget widget_black-studio-tinymce widget_black_studio_tinymce panel-first-child panel-last-child\" data-index=\"0\" ><div class=\"textwidget\"><p>PRICE MAN est le sp\u00e9cialiste de l'int\u00e9rim dans les secteurs d'activit\u00e9 du BTP, le rail, l'industrie et le tertiaire.<\/p>\n<p>Notre r\u00f4le est de r\u00e9pondre aux besoins des entreprises en mati\u00e8re de personnel int\u00e9rimaire en proposant les candidats poss\u00e9dant les comp\u00e9tences requises pour ces missions.<\/p>\n<p>&nbsp;<\/p>\n<p><strong>Nos domaines de comp\u00e9tences sont :<\/strong><\/p>\n<ul>\n<li>le gros \u0153uvre: b\u00e2timent, travaux publics, VRD, r\u00e9novation et g\u00e9nie civil,<\/li>\n<li>le second \u0153uvre: plomberie, chauffage, couverture, menuiserie, charpente, serrurerie, peinture, soudure,<\/li>\n<li>la logistique: pr\u00e9paration de commandes, manutention, transport.<\/li>\n<\/ul>\n<p>Le professionnalisme de nos collaborateurs int\u00e9rimaires et permanents est notre pr\u00e9occupation quotidienne pour la satisfaction de nos clients.<\/p>\n<p>&nbsp;<\/p>\n<p><strong>Pourquoi faire appel \u00e0 PRICE MAN ?<\/strong><\/p>\n<p>Nous mettons \u00e0 votre service nos 15 ann\u00e9es d'exp\u00e9rience dans le recrutement de personnel en int\u00e9rim, CDD et CDI.<\/p>\n<p>Disposant des m\u00e9thodes efficaces et reconnues, notre \u00e9quipe de consultants est \u00e0 votre disposition pour vous apporter des solutions sur mesure.<\/p>\n<p>Vous aider \u00e0 comprendre les enjeux de vos recrutements. PRICE MAN \u00e9tudie les principales lignes de votre activit\u00e9 (saisonnalit\u00e9, rythme et volume de recrutements, organisation) et de vos ressources humaines (recours \u00e0 la flexibilit\u00e9, part des CDD, CDI) pour parvenir au final \u00e0 des solutions adapt\u00e9es \u00e0 vos besoins et conformes \u00e0 vos enjeux de recrutement.<\/p>\n<p>Nous mettons un point d'honneur \u00e0 vous conseiller sur les meilleures solutions de travail temporaire ou recrutement CDD et CDI en fonction de vos besoins et des profils recherch\u00e9s.<\/p>\n<p>&nbsp;<\/p>\n<p><strong>Savoir-faire, qualit\u00e9, engagement sont les maitres mots chez PRICE MAN.<\/strong><\/p>\n<\/div><\/div><\/div><div id=\"pgc-1187-0-1\"  class=\"panel-grid-cell\" ><div id=\"panel-1187-0-1-0\" class=\"so-panel widget widget_black-studio-tinymce widget_black_studio_tinymce panel-first-child panel-last-child\" data-index=\"1\" ><div class=\"textwidget\"><p><a><img class=\"alignnone size-full wp-image-64\" src=\"\/wp-content\/uploads\/2021\/03\/price-inter-illustration-metier-1.jpg\" alt=\"341\" \/><\/a><\/p>\n<p><a><img class=\"alignnone size-full wp-image-53\" src=\"\/wp-content\/uploads\/2021\/03\/price-inter-illustration-metier-2.jpg\" alt=\"231\" \/><\/a><\/p>\n<\/div><\/div><\/div><\/div><\/div><\/div>","protected":false},"excerpt":{"rendered":"<p>PRICE MAN est le sp\u00e9cialiste de l&#8217;int\u00e9rim dans les secteurs d&#8217;activit\u00e9 du BTP, le rail, l&#8217;industrie et le tertiaire. Notre r\u00f4le est de r\u00e9pondre aux besoins des entreprises en mati\u00e8re de personnel int\u00e9rimaire en proposant les candidats poss\u00e9dant les comp\u00e9tences requises pour ces missions. &nbsp; Nos domaines de comp\u00e9tences sont : le gros \u0153uvre: b\u00e2timent, &hellip;<\/p>\n","protected":false},"author":1,"featured_media":0,"parent":0,"menu_order":0,"comment_status":"closed","ping_status":"closed","template":"","meta":[],"_links":{"self":[{"href":"https:\/\/price-man.fr\/index.php\/wp-json\/wp\/v2\/pages\/1187"}],"collection":[{"href":"https:\/\/price-man.fr\/index.php\/wp-json\/wp\/v2\/pages"}],"about":[{"href":"https:\/\/price-man.fr\/index.php\/wp-json\/wp\/v2\/types\/page"}],"author":[{"embeddable":true,"href":"https:\/\/price-man.fr\/index.php\/wp-json\/wp\/v2\/users\/1"}],"replies":[{"embeddable":true,"href":"https:\/\/price-man.fr\/index.php\/wp-json\/wp\/v2\/comments?post=1187"}],"version-history":[{"count":3,"href":"https:\/\/price-man.fr\/index.php\/wp-json\/wp\/v2\/pages\/1187\/revisions"}],"predecessor-version":[{"id":1292,"href":"https:\/\/price-man.fr\/index.php\/wp-json\/wp\/v2\/pages\/1187\/revisions\/1292"}],"wp:attachment":[{"href":"https:\/\/price-man.fr\/index.php\/wp-json\/wp\/v2\/media?parent=1187"}],"curies":[{"name":"wp","href":"https:\/\/api.w.org\/{rel}","templated":true}]}}